{"id":2519,"date":"2026-04-21T23:30:29","date_gmt":"2026-04-21T23:30:29","guid":{"rendered":"https:\/\/demos.infobd.de\/design4\/?page_id=2519"},"modified":"2026-04-23T21:14:03","modified_gmt":"2026-04-23T21:14:03","slug":"kontakt","status":"publish","type":"page","link":"https:\/\/demos.infobd.de\/design4\/kontakt\/","title":{"rendered":"Kontakt"},"content":{"rendered":"\t\t<div data-elementor-type=\"wp-page\" data-elementor-id=\"2519\" class=\"elementor elementor-2519\">\n\t\t\t\t<div class=\"elementor-element elementor-element-78a8439 e-flex e-con-boxed wcf-starter-animations-none e-con e-parent\" data-id=\"78a8439\" data-element_type=\"container\" data-e-type=\"container\" data-settings=\"{&quot;background_background&quot;:&quot;classic&quot;,&quot;wcf-animation&quot;:&quot;none&quot;}\">\n\t\t\t\t\t<div class=\"e-con-inner\">\n\t\t\t\t<div class=\"elementor-element elementor-element-9c8d8d6 elementor-widget__width-initial wcf-starter-animations-none wcf-t-animation-none elementor-widget elementor-widget-wcf--title\" data-id=\"9c8d8d6\" data-element_type=\"widget\" data-e-type=\"widget\" data-settings=\"{&quot;wcf_starter_animations&quot;:&quot;none&quot;,&quot;wcf_anim_duration&quot;:1000,&quot;wcf_anim_delay&quot;:0,&quot;wcf_anim_ease&quot;:&quot;ease&quot;,&quot;wcf_text_animation&quot;:&quot;none&quot;,&quot;wcf-animation&quot;:&quot;none&quot;}\" data-widget_type=\"wcf--title.default\">\n\t\t\t\t<div class=\"elementor-widget-container\">\n\t\t\t\t\t<h2 class=\"wcf--title\">Kontakt<\/h2>\t\t\t\t<\/div>\n\t\t\t\t<\/div>\n\t\t\t\t<div class=\"elementor-element elementor-element-7919da5 elementor-widget elementor-widget-wcf--floating-elements\" data-id=\"7919da5\" data-element_type=\"widget\" data-e-type=\"widget\" data-settings=\"{&quot;wcf-animation&quot;:&quot;none&quot;}\" data-widget_type=\"wcf--floating-elements.default\">\n\t\t\t\t<div class=\"elementor-widget-container\">\n\t\t\t\t\t\t\t<div class=\"wcf--floating-elements\">\r\n\t\t\t                <div class=\"floating-element wcf-live-anim- elementor-repeater-item-b637643     elementor-hidden-tablet elementor-hidden-mobile_extra elementor-hidden-mobile\">\r\n\t\t\t\t\t<img decoding=\"async\" src=\"https:\/\/demos.infobd.de\/design4\/wp-content\/uploads\/sites\/8\/2024\/03\/PricingA.webp\" alt=\"PricingA\" \/>\t\t\t\t<\/div>\r\n\t\t\t\t                <div class=\"floating-element wcf-live-anim- elementor-repeater-item-d6462df     elementor-hidden-tablet elementor-hidden-mobile_extra elementor-hidden-mobile\">\r\n\t\t\t\t\t<img decoding=\"async\" src=\"https:\/\/demos.infobd.de\/design4\/wp-content\/uploads\/sites\/8\/2024\/03\/pricing.webp\" alt=\"pricing\" \/>\t\t\t\t<\/div>\r\n\t\t\t\t\t\t<\/div>\r\n\t\t\t\t\t\t<\/div>\n\t\t\t\t<\/div>\n\t\t\t\t<div class=\"elementor-element elementor-element-5d43d11 wcf-starter-animations-none wcf-t-animation-none elementor-widget elementor-widget-text-editor\" data-id=\"5d43d11\" data-element_type=\"widget\" data-e-type=\"widget\" data-settings=\"{&quot;wcf_starter_animations&quot;:&quot;none&quot;,&quot;wcf_anim_duration&quot;:1000,&quot;wcf_anim_delay&quot;:0,&quot;wcf_anim_ease&quot;:&quot;ease&quot;,&quot;wcf_text_animation&quot;:&quot;none&quot;,&quot;wcf-animation&quot;:&quot;none&quot;}\" data-widget_type=\"text-editor.default\">\n\t\t\t\t<div class=\"elementor-widget-container\">\n\t\t\t\t\t\t\t\t\t<h3 class=\"section-titleXX\">F\u00fcllen Sie das Formular aus und wir melden<br \/>uns schnellstm\u00f6glich bei Ihnen.<\/h3>\t\t\t\t\t\t\t\t<\/div>\n\t\t\t\t<\/div>\n\t\t<div class=\"elementor-element elementor-element-b030017 e-flex e-con-boxed wcf-starter-animations-none e-con e-child\" data-id=\"b030017\" data-element_type=\"container\" data-e-type=\"container\" data-settings=\"{&quot;wcf-animation&quot;:&quot;none&quot;}\">\n\t\t\t\t\t<div class=\"e-con-inner\">\n\t\t<div class=\"elementor-element elementor-element-f8cb452 e-con-full e-flex wcf-starter-animations-none e-con e-child\" data-id=\"f8cb452\" data-element_type=\"container\" data-e-type=\"container\" data-settings=\"{&quot;wcf-animation&quot;:&quot;none&quot;}\">\n\t\t<div class=\"elementor-element elementor-element-7505fc4 e-con-full e-flex wcf-starter-animations-none e-con e-child\" data-id=\"7505fc4\" data-element_type=\"container\" data-e-type=\"container\" data-settings=\"{&quot;wcf-animation&quot;:&quot;none&quot;}\">\n\t\t<div class=\"elementor-element elementor-element-211b4e5 e-con-full e-flex wcf-starter-animations-none e-con e-child\" data-id=\"211b4e5\" data-element_type=\"container\" data-e-type=\"container\" data-settings=\"{&quot;wcf-animation&quot;:&quot;none&quot;}\">\n\t\t\t\t<div class=\"elementor-element elementor-element-284d278 icon-position-before elementor-widget elementor-widget-wcf--contact-form-7\" data-id=\"284d278\" data-element_type=\"widget\" data-e-type=\"widget\" data-settings=\"{&quot;wcf-animation&quot;:&quot;none&quot;}\" data-widget_type=\"wcf--contact-form-7.default\">\n\t\t\t\t<div class=\"elementor-widget-container\">\n\t\t\t\t\t        <style>\r\n            .wcf--form-wrapper form label {\r\n                display: block;\r\n            }\r\n        <\/style>\r\n        <div class=\"wcf--form-wrapper\" btn-hover=\"btn-hover-none\" >\r\n\t\t\t\n<div class=\"wpcf7 no-js\" id=\"wpcf7-f2763-o1\" lang=\"en-US\" dir=\"ltr\" data-wpcf7-id=\"2763\">\n<div class=\"screen-reader-response\"><p role=\"status\" aria-live=\"polite\" aria-atomic=\"true\"><\/p> <ul><\/ul><\/div>\n<form action=\"\/design4\/wp-json\/wp\/v2\/pages\/2519#wpcf7-f2763-o1\" method=\"post\" class=\"wpcf7-form init\" aria-label=\"Contact form\" novalidate=\"novalidate\" data-status=\"init\">\n<fieldset class=\"hidden-fields-container\"><input type=\"hidden\" name=\"_wpcf7\" value=\"2763\" \/><input type=\"hidden\" name=\"_wpcf7_version\" value=\"6.1.5\" \/><input type=\"hidden\" name=\"_wpcf7_locale\" value=\"en_US\" \/><input type=\"hidden\" name=\"_wpcf7_unit_tag\" value=\"wpcf7-f2763-o1\" \/><input type=\"hidden\" name=\"_wpcf7_container_post\" value=\"0\" \/><input type=\"hidden\" name=\"_wpcf7_posted_data_hash\" value=\"\" \/>\n<\/fieldset>\n<p><span class=\"wpcf7-form-control-wrap\" data-name=\"your-name\"><input size=\"40\" maxlength=\"400\" class=\"wpcf7-form-control wpcf7-text wpcf7-validates-as-required\" aria-required=\"true\" aria-invalid=\"false\" placeholder=\"Vollst\u00e4ndiger Name\" value=\"\" type=\"text\" name=\"your-name\" \/><\/span>\n<\/p>\n<p><span class=\"wpcf7-form-control-wrap\" data-name=\"your-phone\"><input size=\"40\" maxlength=\"400\" class=\"wpcf7-form-control wpcf7-tel wpcf7-validates-as-required wpcf7-text wpcf7-validates-as-tel\" aria-required=\"true\" aria-invalid=\"false\" placeholder=\"Telefonnummer\" value=\"\" type=\"tel\" name=\"your-phone\" \/><\/span>\n<\/p>\n<p><span class=\"wpcf7-form-control-wrap\" data-name=\"your-email\"><input size=\"40\" maxlength=\"400\" class=\"wpcf7-form-control wpcf7-email wpcf7-validates-as-required wpcf7-text wpcf7-validates-as-email\" aria-required=\"true\" aria-invalid=\"false\" placeholder=\"E-Mail-Adresse\" value=\"\" type=\"email\" name=\"your-email\" \/><\/span>\n<\/p>\n<p><span class=\"wpcf7-form-control-wrap\" data-name=\"service\"><select class=\"wpcf7-form-control wpcf7-select wpcf7-validates-as-required\" aria-required=\"true\" aria-invalid=\"false\" name=\"service\"><option value=\"Dienstleistung ausw\u00e4hlen\">Dienstleistung ausw\u00e4hlen<\/option><option value=\"Haarschnitt\">Haarschnitt<\/option><option value=\"Bartpflege\">Bartpflege<\/option><option value=\"Waschen &amp; Styling\">Waschen &amp; Styling<\/option><option value=\"Special Styling\">Special Styling<\/option><\/select><\/span>\n<\/p>\n<p><span class=\"wpcf7-form-control-wrap\" data-name=\"appointment-date\"><input class=\"wpcf7-form-control wpcf7-date wpcf7-validates-as-required wpcf7-validates-as-date\" aria-required=\"true\" aria-invalid=\"false\" placeholder=\"Wunschtermin\" value=\"\" type=\"date\" name=\"appointment-date\" \/><\/span>\n<\/p>\n<p><span class=\"wpcf7-form-control-wrap\" data-name=\"your-message\"><textarea cols=\"40\" rows=\"10\" maxlength=\"2000\" class=\"wpcf7-form-control wpcf7-textarea\" aria-invalid=\"false\" placeholder=\"Nachricht \/ besondere W\u00fcnsche (optional)\" name=\"your-message\"><\/textarea><\/span>\n<\/p>\n<p><span class=\"wpcf7-form-control-wrap\" data-name=\"acceptance-1\"><span class=\"wpcf7-form-control wpcf7-acceptance\"><span class=\"wpcf7-list-item\"><label><input type=\"checkbox\" name=\"acceptance-1\" value=\"1\" aria-invalid=\"false\" \/><span class=\"wpcf7-list-item-label\">Ich best\u00e4tige, dass meine Angaben zur Terminvereinbarung verwendet werden d\u00fcrfen.<\/span><\/label><\/span><\/span><\/span>\n<\/p>\n<p><input class=\"wpcf7-form-control wpcf7-submit has-spinner\" type=\"submit\" value=\"Termin anfragen\" \/>\n<\/p><div class=\"wpcf7-response-output\" aria-hidden=\"true\"><\/div>\n<\/form>\n<\/div>\n            <div class=\"btn-icon elementor-screen-only\">\r\n\t\t\t\t            <\/div>\r\n        <\/div>\r\n\r\n\t\t\t\t\t\t<\/div>\n\t\t\t\t<\/div>\n\t\t\t\t<\/div>\n\t\t\t\t<\/div>\n\t\t<div class=\"elementor-element elementor-element-06c05d3 e-con-full e-flex wcf-starter-animations-none e-con e-child\" data-id=\"06c05d3\" data-element_type=\"container\" data-e-type=\"container\" data-settings=\"{&quot;wcf-animation&quot;:&quot;none&quot;}\">\n\t\t<div class=\"elementor-element elementor-element-d5e3cd4 e-con-full e-flex wcf-starter-animations-none e-con e-child\" data-id=\"d5e3cd4\" data-element_type=\"container\" data-e-type=\"container\" data-settings=\"{&quot;wcf-animation&quot;:&quot;none&quot;}\">\n\t\t\t\t<div class=\"elementor-element elementor-element-1b9ee7b elementor-widget__width-initial wcf-starter-animations-none wcf-t-animation-none elementor-widget elementor-widget-heading\" data-id=\"1b9ee7b\" data-element_type=\"widget\" data-e-type=\"widget\" data-settings=\"{&quot;wcf_starter_animations&quot;:&quot;none&quot;,&quot;wcf_anim_duration&quot;:1000,&quot;wcf_anim_delay&quot;:0,&quot;wcf_anim_ease&quot;:&quot;ease&quot;,&quot;wcf_text_animation&quot;:&quot;none&quot;,&quot;wcf-animation&quot;:&quot;none&quot;}\" data-widget_type=\"heading.default\">\n\t\t\t\t<div class=\"elementor-widget-container\">\n\t\t\t\t\t<h2 class=\"elementor-heading-title elementor-size-default\">$16.00<\/h2>\t\t\t\t<\/div>\n\t\t\t\t<\/div>\n\t\t\t\t<\/div>\n\t\t\t\t<\/div>\n\t\t\t\t<\/div>\n\t\t<div class=\"elementor-element elementor-element-bb06e2e e-con-full e-flex wcf-starter-animations-none e-con e-child\" data-id=\"bb06e2e\" data-element_type=\"container\" data-e-type=\"container\" data-settings=\"{&quot;wcf-animation&quot;:&quot;none&quot;}\">\n\t\t<div class=\"elementor-element elementor-element-4a6a89a e-con-full e-flex wcf-starter-animations-none e-con e-child\" data-id=\"4a6a89a\" data-element_type=\"container\" data-e-type=\"container\" data-settings=\"{&quot;wcf-animation&quot;:&quot;none&quot;}\">\n\t\t<div class=\"elementor-element elementor-element-11c70df e-con-full e-flex wcf-starter-animations-none e-con e-child\" data-id=\"11c70df\" data-element_type=\"container\" data-e-type=\"container\" data-settings=\"{&quot;wcf-animation&quot;:&quot;none&quot;}\">\n\t\t\t\t<div class=\"elementor-element elementor-element-10c37b5 elementor-widget__width-initial wcf-starter-animations-none wcf-t-animation-none elementor-widget elementor-widget-text-editor\" data-id=\"10c37b5\" data-element_type=\"widget\" data-e-type=\"widget\" data-settings=\"{&quot;wcf_starter_animations&quot;:&quot;none&quot;,&quot;wcf_anim_duration&quot;:1000,&quot;wcf_anim_delay&quot;:0,&quot;wcf_anim_ease&quot;:&quot;ease&quot;,&quot;wcf_text_animation&quot;:&quot;none&quot;,&quot;wcf-animation&quot;:&quot;none&quot;}\" data-widget_type=\"text-editor.default\">\n\t\t\t\t<div class=\"elementor-widget-container\">\n\t\t\t\t\t\t\t\t\t<div aria-hidden=\"true\"><strong>Friseur Adam<\/strong><br \/>Beispielstra\u00dfe 12 <br \/>12345 Musterstadt<\/div><div aria-hidden=\"true\">\u00a0<\/div><div aria-hidden=\"true\">+49 (0) 000 000000<\/div>\t\t\t\t\t\t\t\t<\/div>\n\t\t\t\t<\/div>\n\t\t\t\t<\/div>\n\t\t\t\t<\/div>\n\t\t\t\t<\/div>\n\t\t\t\t\t<\/div>\n\t\t\t\t<\/div>\n\t\t\t\t\t<\/div>\n\t\t\t\t<\/div>\n\t\t\t\t<\/div>\n\t\t","protected":false},"excerpt":{"rendered":"<p>Kontakt F\u00fcllen Sie das Formular aus und wir meldenuns schnellstm\u00f6glich bei Ihnen. Dienstleistung ausw\u00e4hlenHaarschnittBartpflegeWaschen &amp; StylingSpecial Styling Ich best\u00e4tige, dass meine Angaben zur Terminvereinbarung verwendet werden d\u00fcrfen. $16.00 Friseur AdamBeispielstra\u00dfe 12 12345 Musterstadt\u00a0+49 (0) 000 000000<\/p>\n","protected":false},"author":1,"featured_media":0,"parent":0,"menu_order":0,"comment_status":"closed","ping_status":"closed","template":"elementor_header_footer","meta":{"footnotes":""},"class_list":["post-2519","page","type-page","status-publish","hentry"],"yoast_head":"<!-- This site is optimized with the Yoast SEO plugin v27.4 - https:\/\/yoast.com\/product\/yoast-seo-wordpress\/ -->\n<title>Kontakt - Reutlingen | T\u00fcbingen | Stuttgart<\/title>\n<meta name=\"description\" content=\"Friseur Website erstellen ab 360 \u20ac \u2013 moderne, professionelle Webseiten f\u00fcr Salons in Reutlingen, T\u00fcbingen und Stuttgart. Individuelles Design, einfache Terminbuchung und \u00fcberzeugende Online-Pr\u00e4senz f\u00fcr Ihren Friseursalon.\" \/>\n<meta name=\"robots\" content=\"index, follow, max-snippet:-1, max-image-preview:large, max-video-preview:-1\" \/>\n<link rel=\"canonical\" href=\"https:\/\/demos.infobd.de\/design4\/kontakt\/\" \/>\n<meta property=\"og:locale\" content=\"en_US\" \/>\n<meta property=\"og:type\" content=\"article\" \/>\n<meta property=\"og:title\" content=\"Kontakt - Reutlingen | T\u00fcbingen | Stuttgart\" \/>\n<meta property=\"og:description\" content=\"Friseur Website erstellen ab 360 \u20ac \u2013 moderne, professionelle Webseiten f\u00fcr Salons in Reutlingen, T\u00fcbingen und Stuttgart. Individuelles Design, einfache Terminbuchung und \u00fcberzeugende Online-Pr\u00e4senz f\u00fcr Ihren Friseursalon.\" \/>\n<meta property=\"og:url\" content=\"https:\/\/demos.infobd.de\/design4\/kontakt\/\" \/>\n<meta property=\"og:site_name\" content=\"Reutlingen | T\u00fcbingen | Stuttgart\" \/>\n<meta property=\"article:modified_time\" content=\"2026-04-23T21:14:03+00:00\" \/>\n<meta property=\"og:image\" content=\"https:\/\/demos.infobd.de\/design4\/wp-content\/uploads\/sites\/8\/2024\/03\/PricingA.webp\" \/>\n<meta name=\"twitter:card\" content=\"summary_large_image\" \/>\n<meta name=\"twitter:label1\" content=\"Est. reading time\" \/>\n\t<meta name=\"twitter:data1\" content=\"1 minute\" \/>\n<script type=\"application\/ld+json\" class=\"yoast-schema-graph\">{\"@context\":\"https:\\\/\\\/schema.org\",\"@graph\":[{\"@type\":\"WebPage\",\"@id\":\"https:\\\/\\\/demos.infobd.de\\\/design4\\\/kontakt\\\/\",\"url\":\"https:\\\/\\\/demos.infobd.de\\\/design4\\\/kontakt\\\/\",\"name\":\"Kontakt - Reutlingen | T\u00fcbingen | Stuttgart\",\"isPartOf\":{\"@id\":\"https:\\\/\\\/demos.infobd.de\\\/design4\\\/#website\"},\"primaryImageOfPage\":{\"@id\":\"https:\\\/\\\/demos.infobd.de\\\/design4\\\/kontakt\\\/#primaryimage\"},\"image\":{\"@id\":\"https:\\\/\\\/demos.infobd.de\\\/design4\\\/kontakt\\\/#primaryimage\"},\"thumbnailUrl\":\"https:\\\/\\\/demos.infobd.de\\\/design4\\\/wp-content\\\/uploads\\\/sites\\\/8\\\/2024\\\/03\\\/PricingA.webp\",\"datePublished\":\"2026-04-21T23:30:29+00:00\",\"dateModified\":\"2026-04-23T21:14:03+00:00\",\"description\":\"Friseur Website erstellen ab 360 \u20ac \u2013 moderne, professionelle Webseiten f\u00fcr Salons in Reutlingen, T\u00fcbingen und Stuttgart. Individuelles Design, einfache Terminbuchung und \u00fcberzeugende Online-Pr\u00e4senz f\u00fcr Ihren Friseursalon.\",\"breadcrumb\":{\"@id\":\"https:\\\/\\\/demos.infobd.de\\\/design4\\\/kontakt\\\/#breadcrumb\"},\"inLanguage\":\"en-US\",\"potentialAction\":[{\"@type\":\"ReadAction\",\"target\":[\"https:\\\/\\\/demos.infobd.de\\\/design4\\\/kontakt\\\/\"]}]},{\"@type\":\"ImageObject\",\"inLanguage\":\"en-US\",\"@id\":\"https:\\\/\\\/demos.infobd.de\\\/design4\\\/kontakt\\\/#primaryimage\",\"url\":\"https:\\\/\\\/demos.infobd.de\\\/design4\\\/wp-content\\\/uploads\\\/sites\\\/8\\\/2024\\\/03\\\/PricingA.webp\",\"contentUrl\":\"https:\\\/\\\/demos.infobd.de\\\/design4\\\/wp-content\\\/uploads\\\/sites\\\/8\\\/2024\\\/03\\\/PricingA.webp\",\"width\":457,\"height\":408},{\"@type\":\"BreadcrumbList\",\"@id\":\"https:\\\/\\\/demos.infobd.de\\\/design4\\\/kontakt\\\/#breadcrumb\",\"itemListElement\":[{\"@type\":\"ListItem\",\"position\":1,\"name\":\"Home\",\"item\":\"https:\\\/\\\/demos.infobd.de\\\/design4\\\/\"},{\"@type\":\"ListItem\",\"position\":2,\"name\":\"Kontakt\"}]},{\"@type\":\"WebSite\",\"@id\":\"https:\\\/\\\/demos.infobd.de\\\/design4\\\/#website\",\"url\":\"https:\\\/\\\/demos.infobd.de\\\/design4\\\/\",\"name\":\"Reutlingen | T\u00fcbingen | Stuttgart\",\"description\":\"\",\"potentialAction\":[{\"@type\":\"SearchAction\",\"target\":{\"@type\":\"EntryPoint\",\"urlTemplate\":\"https:\\\/\\\/demos.infobd.de\\\/design4\\\/?s={search_term_string}\"},\"query-input\":{\"@type\":\"PropertyValueSpecification\",\"valueRequired\":true,\"valueName\":\"search_term_string\"}}],\"inLanguage\":\"en-US\"}]}<\/script>\n<!-- \/ Yoast SEO plugin. -->","yoast_head_json":{"title":"Kontakt - Reutlingen | T\u00fcbingen | Stuttgart","description":"Friseur Website erstellen ab 360 \u20ac \u2013 moderne, professionelle Webseiten f\u00fcr Salons in Reutlingen, T\u00fcbingen und Stuttgart. Individuelles Design, einfache Terminbuchung und \u00fcberzeugende Online-Pr\u00e4senz f\u00fcr Ihren Friseursalon.","robots":{"index":"index","follow":"follow","max-snippet":"max-snippet:-1","max-image-preview":"max-image-preview:large","max-video-preview":"max-video-preview:-1"},"canonical":"https:\/\/demos.infobd.de\/design4\/kontakt\/","og_locale":"en_US","og_type":"article","og_title":"Kontakt - Reutlingen | T\u00fcbingen | Stuttgart","og_description":"Friseur Website erstellen ab 360 \u20ac \u2013 moderne, professionelle Webseiten f\u00fcr Salons in Reutlingen, T\u00fcbingen und Stuttgart. Individuelles Design, einfache Terminbuchung und \u00fcberzeugende Online-Pr\u00e4senz f\u00fcr Ihren Friseursalon.","og_url":"https:\/\/demos.infobd.de\/design4\/kontakt\/","og_site_name":"Reutlingen | T\u00fcbingen | Stuttgart","article_modified_time":"2026-04-23T21:14:03+00:00","og_image":[{"url":"https:\/\/demos.infobd.de\/design4\/wp-content\/uploads\/sites\/8\/2024\/03\/PricingA.webp","type":"","width":"","height":""}],"twitter_card":"summary_large_image","twitter_misc":{"Est. reading time":"1 minute"},"schema":{"@context":"https:\/\/schema.org","@graph":[{"@type":"WebPage","@id":"https:\/\/demos.infobd.de\/design4\/kontakt\/","url":"https:\/\/demos.infobd.de\/design4\/kontakt\/","name":"Kontakt - Reutlingen | T\u00fcbingen | Stuttgart","isPartOf":{"@id":"https:\/\/demos.infobd.de\/design4\/#website"},"primaryImageOfPage":{"@id":"https:\/\/demos.infobd.de\/design4\/kontakt\/#primaryimage"},"image":{"@id":"https:\/\/demos.infobd.de\/design4\/kontakt\/#primaryimage"},"thumbnailUrl":"https:\/\/demos.infobd.de\/design4\/wp-content\/uploads\/sites\/8\/2024\/03\/PricingA.webp","datePublished":"2026-04-21T23:30:29+00:00","dateModified":"2026-04-23T21:14:03+00:00","description":"Friseur Website erstellen ab 360 \u20ac \u2013 moderne, professionelle Webseiten f\u00fcr Salons in Reutlingen, T\u00fcbingen und Stuttgart. Individuelles Design, einfache Terminbuchung und \u00fcberzeugende Online-Pr\u00e4senz f\u00fcr Ihren Friseursalon.","breadcrumb":{"@id":"https:\/\/demos.infobd.de\/design4\/kontakt\/#breadcrumb"},"inLanguage":"en-US","potentialAction":[{"@type":"ReadAction","target":["https:\/\/demos.infobd.de\/design4\/kontakt\/"]}]},{"@type":"ImageObject","inLanguage":"en-US","@id":"https:\/\/demos.infobd.de\/design4\/kontakt\/#primaryimage","url":"https:\/\/demos.infobd.de\/design4\/wp-content\/uploads\/sites\/8\/2024\/03\/PricingA.webp","contentUrl":"https:\/\/demos.infobd.de\/design4\/wp-content\/uploads\/sites\/8\/2024\/03\/PricingA.webp","width":457,"height":408},{"@type":"BreadcrumbList","@id":"https:\/\/demos.infobd.de\/design4\/kontakt\/#breadcrumb","itemListElement":[{"@type":"ListItem","position":1,"name":"Home","item":"https:\/\/demos.infobd.de\/design4\/"},{"@type":"ListItem","position":2,"name":"Kontakt"}]},{"@type":"WebSite","@id":"https:\/\/demos.infobd.de\/design4\/#website","url":"https:\/\/demos.infobd.de\/design4\/","name":"Reutlingen | T\u00fcbingen | Stuttgart","description":"","potentialAction":[{"@type":"SearchAction","target":{"@type":"EntryPoint","urlTemplate":"https:\/\/demos.infobd.de\/design4\/?s={search_term_string}"},"query-input":{"@type":"PropertyValueSpecification","valueRequired":true,"valueName":"search_term_string"}}],"inLanguage":"en-US"}]}},"_links":{"self":[{"href":"https:\/\/demos.infobd.de\/design4\/wp-json\/wp\/v2\/pages\/2519","targetHints":{"allow":["GET"]}}],"collection":[{"href":"https:\/\/demos.infobd.de\/design4\/wp-json\/wp\/v2\/pages"}],"about":[{"href":"https:\/\/demos.infobd.de\/design4\/wp-json\/wp\/v2\/types\/page"}],"author":[{"embeddable":true,"href":"https:\/\/demos.infobd.de\/design4\/wp-json\/wp\/v2\/users\/1"}],"replies":[{"embeddable":true,"href":"https:\/\/demos.infobd.de\/design4\/wp-json\/wp\/v2\/comments?post=2519"}],"version-history":[{"count":38,"href":"https:\/\/demos.infobd.de\/design4\/wp-json\/wp\/v2\/pages\/2519\/revisions"}],"predecessor-version":[{"id":2834,"href":"https:\/\/demos.infobd.de\/design4\/wp-json\/wp\/v2\/pages\/2519\/revisions\/2834"}],"wp:attachment":[{"href":"https:\/\/demos.infobd.de\/design4\/wp-json\/wp\/v2\/media?parent=2519"}],"curies":[{"name":"wp","href":"https:\/\/api.w.org\/{rel}","templated":true}]}}