{"id":177,"date":"2024-03-24T06:15:11","date_gmt":"2024-03-24T06:15:11","guid":{"rendered":"https:\/\/crowdytheme.com\/wp\/info\/barber\/?page_id=177"},"modified":"2024-03-24T06:15:11","modified_gmt":"2024-03-24T06:15:11","slug":"blog-dark","status":"publish","type":"page","link":"https:\/\/demos.infobd.de\/design4\/blog-dark\/","title":{"rendered":"Blog Dark"},"content":{"rendered":"\t\t<div data-elementor-type=\"wp-page\" data-elementor-id=\"177\" class=\"elementor elementor-177\">\n\t\t\t\t<div class=\"elementor-element elementor-element-bc7d8b1 e-flex e-con-boxed wcf-starter-animations-none e-con e-parent\" data-id=\"bc7d8b1\" data-element_type=\"container\" data-e-type=\"container\" data-settings=\"{&quot;wcf-animation&quot;:&quot;none&quot;}\">\n\t\t\t\t\t<div class=\"e-con-inner\">\n\t\t\t\t<div class=\"elementor-element elementor-element-ff0985f elementor-widget__width-initial wcf-starter-animations-none elementor-widget elementor-widget-wcf--blog--archive--title\" data-id=\"ff0985f\" data-element_type=\"widget\" data-e-type=\"widget\" data-settings=\"{&quot;wcf_starter_animations&quot;:&quot;none&quot;,&quot;wcf_anim_duration&quot;:1000,&quot;wcf_anim_delay&quot;:0,&quot;wcf_anim_ease&quot;:&quot;ease&quot;,&quot;wcf-animation&quot;:&quot;none&quot;}\" data-widget_type=\"wcf--blog--archive--title.default\">\n\t\t\t\t<div class=\"elementor-widget-container\">\n\t\t\t\t\t<h1 class=\"wcf--title\">Archives<\/h1>\t\t\t\t<\/div>\n\t\t\t\t<\/div>\n\t\t<div class=\"elementor-element elementor-element-6f663a5 e-con-full e-flex wcf-starter-animations-none e-con e-child\" data-id=\"6f663a5\" data-element_type=\"container\" data-e-type=\"container\" data-settings=\"{&quot;wcf-animation&quot;:&quot;none&quot;}\">\n\t\t\t\t<div class=\"elementor-element elementor-element-81bf4c2 wcf--image-effect-zoom-in elementor-widget elementor-widget-wcf--posts\" data-id=\"81bf4c2\" data-element_type=\"widget\" data-e-type=\"widget\" data-settings=\"{&quot;wcf-animation&quot;:&quot;none&quot;}\" data-widget_type=\"wcf--posts.default\">\n\t\t\t\t<div class=\"elementor-widget-container\">\n\t\t\t\t\t        <div class=\"wcf__posts style-1\">        <div class=\"wcf-posts\">\r\n\t\t        <article class=\"wcf-post post-87 post type-post status-publish format-standard has-post-thumbnail hentry category-lifestyle\">\r\n\t\t\t        <div class=\"thumb\">\r\n            <a href=\"https:\/\/demos.infobd.de\/design4\/2024\/03\/03\/souveran-und-gepflegt-drei-bewahrte-haarpflege-tipps-fur-den-modernen-mann\/\" aria-label=\"Souver\u00e4n und gepflegt: Drei bew\u00e4hrte Haarpflege-Tipps f\u00fcr den modernen Mann\">\r\n\t\t\t\t<img fetchpriority=\"high\" decoding=\"async\" width=\"390\" height=\"501\" src=\"https:\/\/demos.infobd.de\/design4\/wp-content\/uploads\/sites\/8\/2024\/03\/Blog-D.webp\" class=\"attachment-full size-full wp-image-89\" alt=\"\" srcset=\"https:\/\/demos.infobd.de\/design4\/wp-content\/uploads\/sites\/8\/2024\/03\/Blog-D.webp 390w, https:\/\/demos.infobd.de\/design4\/wp-content\/uploads\/sites\/8\/2024\/03\/Blog-D-234x300.webp 234w\" sizes=\"(max-width: 390px) 100vw, 390px\" \/>            <\/a>\r\n        <\/div>\r\n\t\t\r\n            <div class=\"content\">\r\n\t\t\t\t        <ul class=\"wcf-meta\">\r\n\t\t\t                <li>        <a href=\"https:\/\/demos.infobd.de\/design4\/author\/infobd2026\/\">\r\n\t\t\tinfobd2026        <\/a>\r\n\t\t<\/li>\r\n\t\t\t\t        <li>\r\n\t\t<span>\r\n\t\t\tMarch 3, 2024\t\t<\/span>\r\n        <\/li>\r\n\t\t        <\/ul>\r\n\t\t        <h3 class=\"title\">\r\n        <a href=\"https:\/\/demos.infobd.de\/design4\/2024\/03\/03\/souveran-und-gepflegt-drei-bewahrte-haarpflege-tipps-fur-den-modernen-mann\/\">\r\n\t\t\t<span class=\"highlight\"><\/span> Souver\u00e4n und gepflegt: Drei bew\u00e4hrte Haarpflege-Tipps f\u00fcr den modernen Mann        <\/a>\r\n        <\/h3>\r\n\t\t        <div class=\"desc\">\r\n\t\t\t        <\/div>\r\n\t\t            <\/div>\r\n        <\/article>\r\n\t\t        <article class=\"wcf-post post-85 post type-post status-publish format-standard has-post-thumbnail hentry category-lifestyle\">\r\n\t\t\t        <div class=\"thumb\">\r\n            <a href=\"https:\/\/demos.infobd.de\/design4\/2024\/03\/03\/haare-richtig-pflegen-und-stylen-so-holen-sie-mehr-aus-ihrer-haarwasche-heraus\/\" aria-label=\"Haare richtig pflegen und stylen: So holen Sie mehr aus Ihrer Haarw\u00e4sche heraus\">\r\n\t\t\t\t<img decoding=\"async\" width=\"390\" height=\"501\" src=\"https:\/\/demos.infobd.de\/design4\/wp-content\/uploads\/sites\/8\/2024\/03\/Blog-B.webp\" class=\"attachment-full size-full wp-image-86\" alt=\"\" srcset=\"https:\/\/demos.infobd.de\/design4\/wp-content\/uploads\/sites\/8\/2024\/03\/Blog-B.webp 390w, https:\/\/demos.infobd.de\/design4\/wp-content\/uploads\/sites\/8\/2024\/03\/Blog-B-234x300.webp 234w\" sizes=\"(max-width: 390px) 100vw, 390px\" \/>            <\/a>\r\n        <\/div>\r\n\t\t\r\n            <div class=\"content\">\r\n\t\t\t\t        <ul class=\"wcf-meta\">\r\n\t\t\t                <li>        <a href=\"https:\/\/demos.infobd.de\/design4\/author\/infobd2026\/\">\r\n\t\t\tinfobd2026        <\/a>\r\n\t\t<\/li>\r\n\t\t\t\t        <li>\r\n\t\t<span>\r\n\t\t\tMarch 3, 2024\t\t<\/span>\r\n        <\/li>\r\n\t\t        <\/ul>\r\n\t\t        <h3 class=\"title\">\r\n        <a href=\"https:\/\/demos.infobd.de\/design4\/2024\/03\/03\/haare-richtig-pflegen-und-stylen-so-holen-sie-mehr-aus-ihrer-haarwasche-heraus\/\">\r\n\t\t\t<span class=\"highlight\"><\/span> Haare richtig pflegen und stylen: So holen Sie mehr aus Ihrer Haarw\u00e4sche heraus        <\/a>\r\n        <\/h3>\r\n\t\t        <div class=\"desc\">\r\n\t\t\t        <\/div>\r\n\t\t            <\/div>\r\n        <\/article>\r\n\t\t        <article class=\"wcf-post post-83 post type-post status-publish format-standard has-post-thumbnail hentry category-mens-fashion\">\r\n\t\t\t        <div class=\"thumb\">\r\n            <a href=\"https:\/\/demos.infobd.de\/design4\/2024\/03\/03\/8-moderne-tipps-fur-einen-frischen-herren-haarschnitt\/\" aria-label=\"8 moderne Tipps f\u00fcr einen frischen Herren-Haarschnitt\">\r\n\t\t\t\t<img decoding=\"async\" width=\"390\" height=\"501\" src=\"https:\/\/demos.infobd.de\/design4\/wp-content\/uploads\/sites\/8\/2024\/03\/blog-A.webp\" class=\"attachment-full size-full wp-image-84\" alt=\"Men\u2019s Fashion\" srcset=\"https:\/\/demos.infobd.de\/design4\/wp-content\/uploads\/sites\/8\/2024\/03\/blog-A.webp 390w, https:\/\/demos.infobd.de\/design4\/wp-content\/uploads\/sites\/8\/2024\/03\/blog-A-234x300.webp 234w\" sizes=\"(max-width: 390px) 100vw, 390px\" \/>            <\/a>\r\n        <\/div>\r\n\t\t\r\n            <div class=\"content\">\r\n\t\t\t\t        <ul class=\"wcf-meta\">\r\n\t\t\t                <li>        <a href=\"https:\/\/demos.infobd.de\/design4\/author\/infobd2026\/\">\r\n\t\t\tinfobd2026        <\/a>\r\n\t\t<\/li>\r\n\t\t\t\t        <li>\r\n\t\t<span>\r\n\t\t\tMarch 3, 2024\t\t<\/span>\r\n        <\/li>\r\n\t\t        <\/ul>\r\n\t\t        <h3 class=\"title\">\r\n        <a href=\"https:\/\/demos.infobd.de\/design4\/2024\/03\/03\/8-moderne-tipps-fur-einen-frischen-herren-haarschnitt\/\">\r\n\t\t\t<span class=\"highlight\"><\/span> 8 moderne Tipps f\u00fcr einen frischen Herren-Haarschnitt        <\/a>\r\n        <\/h3>\r\n\t\t        <div class=\"desc\">\r\n\t\t\t        <\/div>\r\n\t\t            <\/div>\r\n        <\/article>\r\n\t\t<\/div><\/div>\t\t\t\t<\/div>\n\t\t\t\t<\/div>\n\t\t\t\t<\/div>\n\t\t\t\t\t<\/div>\n\t\t\t\t<\/div>\n\t\t\t\t<\/div>\n\t\t","protected":false},"excerpt":{"rendered":"<p>Archives Jhon Wick March 3, 2024 Confident and Stylish: 3 Proven Hair Care Tips for the Modern Man Jhon Wick March 3, 2024 Elevate Your Grooming Game: Top 3 Hair Tips Every Man Should Know Jhon Wick March 3, 2024 Mastering the Art of Men&#8217;s Haircare: 3 Essential Tips for Healthy Locks Jhon Wick March [&hellip;]<\/p>\n","protected":false},"author":1,"featured_media":0,"parent":0,"menu_order":0,"comment_status":"closed","ping_status":"closed","template":"elementor_header_footer","meta":{"footnotes":""},"class_list":["post-177","page","type-page","status-publish","hentry"],"yoast_head":"<!-- This site is optimized with the Yoast SEO plugin v27.4 - https:\/\/yoast.com\/product\/yoast-seo-wordpress\/ -->\n<title>Blog Dark - Reutlingen | T\u00fcbingen | Stuttgart<\/title>\n<meta name=\"description\" content=\"Friseur Website erstellen ab 360 \u20ac \u2013 moderne, professionelle Webseiten f\u00fcr Salons in Reutlingen, T\u00fcbingen und Stuttgart. Individuelles Design, einfache Terminbuchung und \u00fcberzeugende Online-Pr\u00e4senz f\u00fcr Ihren Friseursalon.\" \/>\n<meta name=\"robots\" content=\"index, follow, max-snippet:-1, max-image-preview:large, max-video-preview:-1\" \/>\n<link rel=\"canonical\" href=\"https:\/\/demos.infobd.de\/design4\/blog-dark\/\" \/>\n<meta property=\"og:locale\" content=\"en_US\" \/>\n<meta property=\"og:type\" content=\"article\" \/>\n<meta property=\"og:title\" content=\"Blog Dark - Reutlingen | T\u00fcbingen | Stuttgart\" \/>\n<meta property=\"og:description\" content=\"Friseur Website erstellen ab 360 \u20ac \u2013 moderne, professionelle Webseiten f\u00fcr Salons in Reutlingen, T\u00fcbingen und Stuttgart. Individuelles Design, einfache Terminbuchung und \u00fcberzeugende Online-Pr\u00e4senz f\u00fcr Ihren Friseursalon.\" \/>\n<meta property=\"og:url\" content=\"https:\/\/demos.infobd.de\/design4\/blog-dark\/\" \/>\n<meta property=\"og:site_name\" content=\"Reutlingen | T\u00fcbingen | Stuttgart\" \/>\n<meta property=\"og:image\" content=\"https:\/\/demos.infobd.de\/design4\/wp-content\/uploads\/sites\/8\/2024\/03\/Blog-F.webp\" \/>\n<meta name=\"twitter:card\" content=\"summary_large_image\" \/>\n<script type=\"application\/ld+json\" class=\"yoast-schema-graph\">{\"@context\":\"https:\\\/\\\/schema.org\",\"@graph\":[{\"@type\":\"WebPage\",\"@id\":\"https:\\\/\\\/demos.infobd.de\\\/design4\\\/blog-dark\\\/\",\"url\":\"https:\\\/\\\/demos.infobd.de\\\/design4\\\/blog-dark\\\/\",\"name\":\"Blog Dark - Reutlingen | T\u00fcbingen | Stuttgart\",\"isPartOf\":{\"@id\":\"https:\\\/\\\/demos.infobd.de\\\/design4\\\/#website\"},\"primaryImageOfPage\":{\"@id\":\"https:\\\/\\\/demos.infobd.de\\\/design4\\\/blog-dark\\\/#primaryimage\"},\"image\":{\"@id\":\"https:\\\/\\\/demos.infobd.de\\\/design4\\\/blog-dark\\\/#primaryimage\"},\"thumbnailUrl\":\"https:\\\/\\\/demos.infobd.de\\\/design4\\\/wp-content\\\/uploads\\\/sites\\\/8\\\/2024\\\/03\\\/Blog-F.webp\",\"datePublished\":\"2024-03-24T06:15:11+00:00\",\"description\":\"Friseur Website erstellen ab 360 \u20ac \u2013 moderne, professionelle Webseiten f\u00fcr Salons in Reutlingen, T\u00fcbingen und Stuttgart. Individuelles Design, einfache Terminbuchung und \u00fcberzeugende Online-Pr\u00e4senz f\u00fcr Ihren Friseursalon.\",\"breadcrumb\":{\"@id\":\"https:\\\/\\\/demos.infobd.de\\\/design4\\\/blog-dark\\\/#breadcrumb\"},\"inLanguage\":\"en-US\",\"potentialAction\":[{\"@type\":\"ReadAction\",\"target\":[\"https:\\\/\\\/demos.infobd.de\\\/design4\\\/blog-dark\\\/\"]}]},{\"@type\":\"ImageObject\",\"inLanguage\":\"en-US\",\"@id\":\"https:\\\/\\\/demos.infobd.de\\\/design4\\\/blog-dark\\\/#primaryimage\",\"url\":\"https:\\\/\\\/demos.infobd.de\\\/design4\\\/wp-content\\\/uploads\\\/sites\\\/8\\\/2024\\\/03\\\/Blog-F.webp\",\"contentUrl\":\"https:\\\/\\\/demos.infobd.de\\\/design4\\\/wp-content\\\/uploads\\\/sites\\\/8\\\/2024\\\/03\\\/Blog-F.webp\",\"width\":390,\"height\":501},{\"@type\":\"BreadcrumbList\",\"@id\":\"https:\\\/\\\/demos.infobd.de\\\/design4\\\/blog-dark\\\/#breadcrumb\",\"itemListElement\":[{\"@type\":\"ListItem\",\"position\":1,\"name\":\"Home\",\"item\":\"https:\\\/\\\/demos.infobd.de\\\/design4\\\/\"},{\"@type\":\"ListItem\",\"position\":2,\"name\":\"Blog Dark\"}]},{\"@type\":\"WebSite\",\"@id\":\"https:\\\/\\\/demos.infobd.de\\\/design4\\\/#website\",\"url\":\"https:\\\/\\\/demos.infobd.de\\\/design4\\\/\",\"name\":\"Reutlingen | T\u00fcbingen | Stuttgart\",\"description\":\"\",\"potentialAction\":[{\"@type\":\"SearchAction\",\"target\":{\"@type\":\"EntryPoint\",\"urlTemplate\":\"https:\\\/\\\/demos.infobd.de\\\/design4\\\/?s={search_term_string}\"},\"query-input\":{\"@type\":\"PropertyValueSpecification\",\"valueRequired\":true,\"valueName\":\"search_term_string\"}}],\"inLanguage\":\"en-US\"}]}<\/script>\n<!-- \/ Yoast SEO plugin. -->","yoast_head_json":{"title":"Blog Dark - Reutlingen | T\u00fcbingen | Stuttgart","description":"Friseur Website erstellen ab 360 \u20ac \u2013 moderne, professionelle Webseiten f\u00fcr Salons in Reutlingen, T\u00fcbingen und Stuttgart. Individuelles Design, einfache Terminbuchung und \u00fcberzeugende Online-Pr\u00e4senz f\u00fcr Ihren Friseursalon.","robots":{"index":"index","follow":"follow","max-snippet":"max-snippet:-1","max-image-preview":"max-image-preview:large","max-video-preview":"max-video-preview:-1"},"canonical":"https:\/\/demos.infobd.de\/design4\/blog-dark\/","og_locale":"en_US","og_type":"article","og_title":"Blog Dark - Reutlingen | T\u00fcbingen | Stuttgart","og_description":"Friseur Website erstellen ab 360 \u20ac \u2013 moderne, professionelle Webseiten f\u00fcr Salons in Reutlingen, T\u00fcbingen und Stuttgart. Individuelles Design, einfache Terminbuchung und \u00fcberzeugende Online-Pr\u00e4senz f\u00fcr Ihren Friseursalon.","og_url":"https:\/\/demos.infobd.de\/design4\/blog-dark\/","og_site_name":"Reutlingen | T\u00fcbingen | Stuttgart","og_image":[{"url":"https:\/\/demos.infobd.de\/design4\/wp-content\/uploads\/sites\/8\/2024\/03\/Blog-F.webp","type":"","width":"","height":""}],"twitter_card":"summary_large_image","schema":{"@context":"https:\/\/schema.org","@graph":[{"@type":"WebPage","@id":"https:\/\/demos.infobd.de\/design4\/blog-dark\/","url":"https:\/\/demos.infobd.de\/design4\/blog-dark\/","name":"Blog Dark - Reutlingen | T\u00fcbingen | Stuttgart","isPartOf":{"@id":"https:\/\/demos.infobd.de\/design4\/#website"},"primaryImageOfPage":{"@id":"https:\/\/demos.infobd.de\/design4\/blog-dark\/#primaryimage"},"image":{"@id":"https:\/\/demos.infobd.de\/design4\/blog-dark\/#primaryimage"},"thumbnailUrl":"https:\/\/demos.infobd.de\/design4\/wp-content\/uploads\/sites\/8\/2024\/03\/Blog-F.webp","datePublished":"2024-03-24T06:15:11+00:00","description":"Friseur Website erstellen ab 360 \u20ac \u2013 moderne, professionelle Webseiten f\u00fcr Salons in Reutlingen, T\u00fcbingen und Stuttgart. Individuelles Design, einfache Terminbuchung und \u00fcberzeugende Online-Pr\u00e4senz f\u00fcr Ihren Friseursalon.","breadcrumb":{"@id":"https:\/\/demos.infobd.de\/design4\/blog-dark\/#breadcrumb"},"inLanguage":"en-US","potentialAction":[{"@type":"ReadAction","target":["https:\/\/demos.infobd.de\/design4\/blog-dark\/"]}]},{"@type":"ImageObject","inLanguage":"en-US","@id":"https:\/\/demos.infobd.de\/design4\/blog-dark\/#primaryimage","url":"https:\/\/demos.infobd.de\/design4\/wp-content\/uploads\/sites\/8\/2024\/03\/Blog-F.webp","contentUrl":"https:\/\/demos.infobd.de\/design4\/wp-content\/uploads\/sites\/8\/2024\/03\/Blog-F.webp","width":390,"height":501},{"@type":"BreadcrumbList","@id":"https:\/\/demos.infobd.de\/design4\/blog-dark\/#breadcrumb","itemListElement":[{"@type":"ListItem","position":1,"name":"Home","item":"https:\/\/demos.infobd.de\/design4\/"},{"@type":"ListItem","position":2,"name":"Blog Dark"}]},{"@type":"WebSite","@id":"https:\/\/demos.infobd.de\/design4\/#website","url":"https:\/\/demos.infobd.de\/design4\/","name":"Reutlingen | T\u00fcbingen | Stuttgart","description":"","potentialAction":[{"@type":"SearchAction","target":{"@type":"EntryPoint","urlTemplate":"https:\/\/demos.infobd.de\/design4\/?s={search_term_string}"},"query-input":{"@type":"PropertyValueSpecification","valueRequired":true,"valueName":"search_term_string"}}],"inLanguage":"en-US"}]}},"_links":{"self":[{"href":"https:\/\/demos.infobd.de\/design4\/wp-json\/wp\/v2\/pages\/177","targetHints":{"allow":["GET"]}}],"collection":[{"href":"https:\/\/demos.infobd.de\/design4\/wp-json\/wp\/v2\/pages"}],"about":[{"href":"https:\/\/demos.infobd.de\/design4\/wp-json\/wp\/v2\/types\/page"}],"author":[{"embeddable":true,"href":"https:\/\/demos.infobd.de\/design4\/wp-json\/wp\/v2\/users\/1"}],"replies":[{"embeddable":true,"href":"https:\/\/demos.infobd.de\/design4\/wp-json\/wp\/v2\/comments?post=177"}],"version-history":[{"count":0,"href":"https:\/\/demos.infobd.de\/design4\/wp-json\/wp\/v2\/pages\/177\/revisions"}],"wp:attachment":[{"href":"https:\/\/demos.infobd.de\/design4\/wp-json\/wp\/v2\/media?parent=177"}],"curies":[{"name":"wp","href":"https:\/\/api.w.org\/{rel}","templated":true}]}}