{"id":174,"date":"2024-03-24T05:57:38","date_gmt":"2024-03-24T05:57:38","guid":{"rendered":"https:\/\/crowdytheme.com\/wp\/info\/barber\/?page_id=174"},"modified":"2026-04-23T16:11:10","modified_gmt":"2026-04-23T16:11:10","slug":"leistungen","status":"publish","type":"page","link":"https:\/\/demos.infobd.de\/design4\/leistungen\/","title":{"rendered":"Leistungen"},"content":{"rendered":"\t\t<div data-elementor-type=\"wp-page\" data-elementor-id=\"174\" class=\"elementor elementor-174\">\n\t\t\t\t<div class=\"elementor-element elementor-element-8a30573 e-flex e-con-boxed wcf-starter-animations-none e-con e-parent\" data-id=\"8a30573\" data-element_type=\"container\" data-e-type=\"container\" data-settings=\"{&quot;background_background&quot;:&quot;classic&quot;,&quot;wcf-animation&quot;:&quot;none&quot;}\">\n\t\t\t\t\t<div class=\"e-con-inner\">\n\t\t\t\t<div class=\"elementor-element elementor-element-a9713a6 elementor-widget__width-initial wcf-starter-animations-none wcf-t-animation-none elementor-widget elementor-widget-wcf--title\" data-id=\"a9713a6\" data-element_type=\"widget\" data-e-type=\"widget\" data-settings=\"{&quot;wcf_starter_animations&quot;:&quot;none&quot;,&quot;wcf_anim_duration&quot;:1000,&quot;wcf_anim_delay&quot;:0,&quot;wcf_anim_ease&quot;:&quot;ease&quot;,&quot;wcf_text_animation&quot;:&quot;none&quot;,&quot;wcf-animation&quot;:&quot;none&quot;}\" data-widget_type=\"wcf--title.default\">\n\t\t\t\t<div class=\"elementor-widget-container\">\n\t\t\t\t\t<h2 class=\"wcf--title\">Adams bester Friseursalon<\/h2>\t\t\t\t<\/div>\n\t\t\t\t<\/div>\n\t\t<div class=\"elementor-element elementor-element-25768a8 e-con-full e-flex wcf-starter-animations-none e-con e-child\" data-id=\"25768a8\" data-element_type=\"container\" data-e-type=\"container\" data-settings=\"{&quot;wcf-animation&quot;:&quot;none&quot;}\">\n\t\t<div class=\"elementor-element elementor-element-b3ce16d e-con-full e-flex wcf-starter-animations-none e-con e-child\" data-id=\"b3ce16d\" data-element_type=\"container\" data-e-type=\"container\" data-settings=\"{&quot;wcf-animation&quot;:&quot;none&quot;}\">\n\t\t\t\t<div class=\"elementor-element elementor-element-913effa elementor-position-top elementor-widget elementor-widget-image-box\" data-id=\"913effa\" data-element_type=\"widget\" data-e-type=\"widget\" data-settings=\"{&quot;wcf-animation&quot;:&quot;none&quot;}\" data-widget_type=\"image-box.default\">\n\t\t\t\t<div class=\"elementor-widget-container\">\n\t\t\t\t\t<div class=\"elementor-image-box-wrapper\"><figure class=\"elementor-image-box-img\"><img fetchpriority=\"high\" decoding=\"async\" width=\"520\" height=\"301\" src=\"https:\/\/demos.infobd.de\/design4\/wp-content\/uploads\/sites\/8\/2024\/03\/services-01.webp\" class=\"attachment-full size-full wp-image-32\" alt=\"\" srcset=\"https:\/\/demos.infobd.de\/design4\/wp-content\/uploads\/sites\/8\/2024\/03\/services-01.webp 520w, https:\/\/demos.infobd.de\/design4\/wp-content\/uploads\/sites\/8\/2024\/03\/services-01-300x174.webp 300w\" sizes=\"(max-width: 520px) 100vw, 520px\" \/><\/figure><div class=\"elementor-image-box-content\"><h3 class=\"elementor-image-box-title\">Haarschnitt<\/h3><p class=\"elementor-image-box-description\">Bei Bedarf setzen wir auf hochwertige <br>Pflegeprodukte und schonende <br>Schnitttechniken f\u00fcr optimale Ergebnisse.<\/p><\/div><\/div>\t\t\t\t<\/div>\n\t\t\t\t<\/div>\n\t\t\t\t<\/div>\n\t\t<div class=\"elementor-element elementor-element-e28bd4e e-con-full e-flex wcf-starter-animations-none e-con e-child\" data-id=\"e28bd4e\" data-element_type=\"container\" data-e-type=\"container\" data-settings=\"{&quot;wcf-animation&quot;:&quot;none&quot;}\">\n\t\t\t\t<div class=\"elementor-element elementor-element-3dc7afd elementor-position-top elementor-widget elementor-widget-image-box\" data-id=\"3dc7afd\" data-element_type=\"widget\" data-e-type=\"widget\" data-settings=\"{&quot;wcf-animation&quot;:&quot;none&quot;}\" data-widget_type=\"image-box.default\">\n\t\t\t\t<div class=\"elementor-widget-container\">\n\t\t\t\t\t<div class=\"elementor-image-box-wrapper\"><figure class=\"elementor-image-box-img\"><img decoding=\"async\" width=\"520\" height=\"301\" src=\"https:\/\/demos.infobd.de\/design4\/wp-content\/uploads\/sites\/8\/2024\/03\/services-02.webp\" class=\"attachment-full size-full wp-image-33\" alt=\"\" srcset=\"https:\/\/demos.infobd.de\/design4\/wp-content\/uploads\/sites\/8\/2024\/03\/services-02.webp 520w, https:\/\/demos.infobd.de\/design4\/wp-content\/uploads\/sites\/8\/2024\/03\/services-02-300x174.webp 300w\" sizes=\"(max-width: 520px) 100vw, 520px\" \/><\/figure><div class=\"elementor-image-box-content\"><h3 class=\"elementor-image-box-title\">Massage<\/h3><p class=\"elementor-image-box-description\">Bei Bedarf nutzen wir ausgew\u00e4hlte <br>Pflegeprodukte und gezielte Techniken <br>zur Entspannung und Regeneration.<\/p><\/div><\/div>\t\t\t\t<\/div>\n\t\t\t\t<\/div>\n\t\t\t\t<\/div>\n\t\t<div class=\"elementor-element elementor-element-7eee3a4 e-con-full e-flex wcf-starter-animations-none e-con e-child\" data-id=\"7eee3a4\" data-element_type=\"container\" data-e-type=\"container\" data-settings=\"{&quot;wcf-animation&quot;:&quot;none&quot;}\">\n\t\t\t\t<div class=\"elementor-element elementor-element-a152e00 elementor-position-top elementor-widget elementor-widget-image-box\" data-id=\"a152e00\" data-element_type=\"widget\" data-e-type=\"widget\" data-settings=\"{&quot;wcf-animation&quot;:&quot;none&quot;}\" data-widget_type=\"image-box.default\">\n\t\t\t\t<div class=\"elementor-widget-container\">\n\t\t\t\t\t<div class=\"elementor-image-box-wrapper\"><figure class=\"elementor-image-box-img\"><img decoding=\"async\" width=\"520\" height=\"301\" src=\"https:\/\/demos.infobd.de\/design4\/wp-content\/uploads\/sites\/8\/2024\/03\/services-03.webp\" class=\"attachment-full size-full wp-image-34\" alt=\"\" srcset=\"https:\/\/demos.infobd.de\/design4\/wp-content\/uploads\/sites\/8\/2024\/03\/services-03.webp 520w, https:\/\/demos.infobd.de\/design4\/wp-content\/uploads\/sites\/8\/2024\/03\/services-03-300x174.webp 300w\" sizes=\"(max-width: 520px) 100vw, 520px\" \/><\/figure><div class=\"elementor-image-box-content\"><h3 class=\"elementor-image-box-title\">F\u00e4rbung<\/h3><p class=\"elementor-image-box-description\">Bei Bedarf arbeiten wir mit hochwertigen <br>Produkten und schonenden Verfahren f\u00fcr <br>ein gleichm\u00e4\u00dfiges, gepflegtes Farbergebnis.<\/p><\/div><\/div>\t\t\t\t<\/div>\n\t\t\t\t<\/div>\n\t\t\t\t<\/div>\n\t\t<div class=\"elementor-element elementor-element-173d487 e-con-full e-flex wcf-starter-animations-none e-con e-child\" data-id=\"173d487\" data-element_type=\"container\" data-e-type=\"container\" data-settings=\"{&quot;wcf-animation&quot;:&quot;none&quot;}\">\n\t\t\t\t<div class=\"elementor-element elementor-element-584e858 elementor-position-top elementor-widget elementor-widget-image-box\" data-id=\"584e858\" data-element_type=\"widget\" data-e-type=\"widget\" data-settings=\"{&quot;wcf-animation&quot;:&quot;none&quot;}\" data-widget_type=\"image-box.default\">\n\t\t\t\t<div class=\"elementor-widget-container\">\n\t\t\t\t\t<div class=\"elementor-image-box-wrapper\"><figure class=\"elementor-image-box-img\"><img loading=\"lazy\" decoding=\"async\" width=\"520\" height=\"301\" src=\"https:\/\/demos.infobd.de\/design4\/wp-content\/uploads\/sites\/8\/2024\/03\/services-04.webp\" class=\"attachment-full size-full wp-image-35\" alt=\"\" srcset=\"https:\/\/demos.infobd.de\/design4\/wp-content\/uploads\/sites\/8\/2024\/03\/services-04.webp 520w, https:\/\/demos.infobd.de\/design4\/wp-content\/uploads\/sites\/8\/2024\/03\/services-04-300x174.webp 300w\" sizes=\"(max-width: 520px) 100vw, 520px\" \/><\/figure><div class=\"elementor-image-box-content\"><h3 class=\"elementor-image-box-title\">Rasur<\/h3><p class=\"elementor-image-box-description\">Bei Bedarf verwenden wir hochwertige <br>Pflegeprodukte und pr\u00e4zise Techniken f\u00fcr <br>eine gr\u00fcndliche und hautschonende Rasur.<\/p><\/div><\/div>\t\t\t\t<\/div>\n\t\t\t\t<\/div>\n\t\t\t\t<\/div>\n\t\t<div class=\"elementor-element elementor-element-91453a0 e-con-full e-flex wcf-starter-animations-none e-con e-child\" data-id=\"91453a0\" data-element_type=\"container\" data-e-type=\"container\" data-settings=\"{&quot;wcf-animation&quot;:&quot;none&quot;}\">\n\t\t\t\t<div class=\"elementor-element elementor-element-a7c61df elementor-position-top elementor-widget elementor-widget-image-box\" data-id=\"a7c61df\" data-element_type=\"widget\" data-e-type=\"widget\" data-settings=\"{&quot;wcf-animation&quot;:&quot;none&quot;}\" data-widget_type=\"image-box.default\">\n\t\t\t\t<div class=\"elementor-widget-container\">\n\t\t\t\t\t<div class=\"elementor-image-box-wrapper\"><figure class=\"elementor-image-box-img\"><img loading=\"lazy\" decoding=\"async\" width=\"520\" height=\"301\" src=\"https:\/\/demos.infobd.de\/design4\/wp-content\/uploads\/sites\/8\/2024\/03\/services-05.webp\" class=\"attachment-full size-full wp-image-36\" alt=\"\" srcset=\"https:\/\/demos.infobd.de\/design4\/wp-content\/uploads\/sites\/8\/2024\/03\/services-05.webp 520w, https:\/\/demos.infobd.de\/design4\/wp-content\/uploads\/sites\/8\/2024\/03\/services-05-300x174.webp 300w\" sizes=\"(max-width: 520px) 100vw, 520px\" \/><\/figure><div class=\"elementor-image-box-content\"><h3 class=\"elementor-image-box-title\">Shampoo<\/h3><p class=\"elementor-image-box-description\">Professionelle Haarw\u00e4sche mit hochwertigem <br>Shampoo f\u00fcr ein frisches, gepflegtes <br>Haargef\u00fchl.<\/p><\/div><\/div>\t\t\t\t<\/div>\n\t\t\t\t<\/div>\n\t\t\t\t<\/div>\n\t\t<div class=\"elementor-element elementor-element-2390297 e-con-full e-flex wcf-starter-animations-none e-con e-child\" data-id=\"2390297\" data-element_type=\"container\" data-e-type=\"container\" data-settings=\"{&quot;wcf-animation&quot;:&quot;none&quot;}\">\n\t\t\t\t<div class=\"elementor-element elementor-element-ac95b16 elementor-position-top elementor-widget elementor-widget-image-box\" data-id=\"ac95b16\" data-element_type=\"widget\" data-e-type=\"widget\" data-settings=\"{&quot;wcf-animation&quot;:&quot;none&quot;}\" data-widget_type=\"image-box.default\">\n\t\t\t\t<div class=\"elementor-widget-container\">\n\t\t\t\t\t<div class=\"elementor-image-box-wrapper\"><figure class=\"elementor-image-box-img\"><img loading=\"lazy\" decoding=\"async\" width=\"520\" height=\"301\" src=\"https:\/\/demos.infobd.de\/design4\/wp-content\/uploads\/sites\/8\/2024\/03\/services-06.webp\" class=\"attachment-full size-full wp-image-37\" alt=\"\" srcset=\"https:\/\/demos.infobd.de\/design4\/wp-content\/uploads\/sites\/8\/2024\/03\/services-06.webp 520w, https:\/\/demos.infobd.de\/design4\/wp-content\/uploads\/sites\/8\/2024\/03\/services-06-300x174.webp 300w\" sizes=\"(max-width: 520px) 100vw, 520px\" \/><\/figure><div class=\"elementor-image-box-content\"><h3 class=\"elementor-image-box-title\">Spezielles Styling<\/h3><p class=\"elementor-image-box-description\">Individuelles Special Styling, perfekt a<br>bgestimmt auf Ihren Look und Anlass f\u00fcr <br>ein modernes, gepflegtes Erscheinungsbild.<\/p><\/div><\/div>\t\t\t\t<\/div>\n\t\t\t\t<\/div>\n\t\t\t\t<\/div>\n\t\t\t\t<\/div>\n\t\t\t\t\t<\/div>\n\t\t\t\t<\/div>\n\t\t\t\t<\/div>\n\t\t","protected":false},"excerpt":{"rendered":"<p>Adams bester Friseursalon Haarschnitt Bei Bedarf setzen wir auf hochwertige Pflegeprodukte und schonende Schnitttechniken f\u00fcr optimale Ergebnisse. Massage Bei Bedarf nutzen wir ausgew\u00e4hlte Pflegeprodukte und gezielte Techniken zur Entspannung und Regeneration. F\u00e4rbung Bei Bedarf arbeiten wir mit hochwertigen Produkten und schonenden Verfahren f\u00fcr ein gleichm\u00e4\u00dfiges, gepflegtes Farbergebnis. Rasur Bei Bedarf verwenden wir hochwertige Pflegeprodukte und [&hellip;]<\/p>\n","protected":false},"author":1,"featured_media":0,"parent":0,"menu_order":0,"comment_status":"closed","ping_status":"closed","template":"elementor_header_footer","meta":{"footnotes":""},"class_list":["post-174","page","type-page","status-publish","hentry"],"yoast_head":"<!-- This site is optimized with the Yoast SEO plugin v27.4 - https:\/\/yoast.com\/product\/yoast-seo-wordpress\/ -->\n<title>Leistungen - Reutlingen | T\u00fcbingen | Stuttgart<\/title>\n<meta name=\"description\" content=\"Friseur Website erstellen ab 360 \u20ac \u2013 moderne, professionelle Webseiten f\u00fcr Salons in Reutlingen, T\u00fcbingen und Stuttgart. Individuelles Design, einfache Terminbuchung und \u00fcberzeugende Online-Pr\u00e4senz f\u00fcr Ihren Friseursalon.\" \/>\n<meta name=\"robots\" content=\"index, follow, max-snippet:-1, max-image-preview:large, max-video-preview:-1\" \/>\n<link rel=\"canonical\" href=\"https:\/\/demos.infobd.de\/design4\/leistungen\/\" \/>\n<meta property=\"og:locale\" content=\"en_US\" \/>\n<meta property=\"og:type\" content=\"article\" \/>\n<meta property=\"og:title\" content=\"Leistungen - Reutlingen | T\u00fcbingen | Stuttgart\" \/>\n<meta property=\"og:description\" content=\"Friseur Website erstellen ab 360 \u20ac \u2013 moderne, professionelle Webseiten f\u00fcr Salons in Reutlingen, T\u00fcbingen und Stuttgart. Individuelles Design, einfache Terminbuchung und \u00fcberzeugende Online-Pr\u00e4senz f\u00fcr Ihren Friseursalon.\" \/>\n<meta property=\"og:url\" content=\"https:\/\/demos.infobd.de\/design4\/leistungen\/\" \/>\n<meta property=\"og:site_name\" content=\"Reutlingen | T\u00fcbingen | Stuttgart\" \/>\n<meta property=\"article:modified_time\" content=\"2026-04-23T16:11:10+00:00\" \/>\n<meta property=\"og:image\" content=\"https:\/\/demos.infobd.de\/design4\/wp-content\/uploads\/sites\/8\/2024\/03\/services-01.webp\" \/>\n\t<meta property=\"og:image:width\" content=\"520\" \/>\n\t<meta property=\"og:image:height\" content=\"301\" \/>\n\t<meta property=\"og:image:type\" content=\"image\/webp\" \/>\n<meta name=\"twitter:card\" content=\"summary_large_image\" \/>\n<meta name=\"twitter:label1\" content=\"Est. reading time\" \/>\n\t<meta name=\"twitter:data1\" content=\"2 minutes\" \/>\n<script type=\"application\/ld+json\" class=\"yoast-schema-graph\">{\"@context\":\"https:\\\/\\\/schema.org\",\"@graph\":[{\"@type\":\"WebPage\",\"@id\":\"https:\\\/\\\/demos.infobd.de\\\/design4\\\/leistungen\\\/\",\"url\":\"https:\\\/\\\/demos.infobd.de\\\/design4\\\/leistungen\\\/\",\"name\":\"Leistungen - Reutlingen | T\u00fcbingen | Stuttgart\",\"isPartOf\":{\"@id\":\"https:\\\/\\\/demos.infobd.de\\\/design4\\\/#website\"},\"primaryImageOfPage\":{\"@id\":\"https:\\\/\\\/demos.infobd.de\\\/design4\\\/leistungen\\\/#primaryimage\"},\"image\":{\"@id\":\"https:\\\/\\\/demos.infobd.de\\\/design4\\\/leistungen\\\/#primaryimage\"},\"thumbnailUrl\":\"https:\\\/\\\/demos.infobd.de\\\/design4\\\/wp-content\\\/uploads\\\/sites\\\/8\\\/2024\\\/03\\\/services-01.webp\",\"datePublished\":\"2024-03-24T05:57:38+00:00\",\"dateModified\":\"2026-04-23T16:11:10+00:00\",\"description\":\"Friseur Website erstellen ab 360 \u20ac \u2013 moderne, professionelle Webseiten f\u00fcr Salons in Reutlingen, T\u00fcbingen und Stuttgart. Individuelles Design, einfache Terminbuchung und \u00fcberzeugende Online-Pr\u00e4senz f\u00fcr Ihren Friseursalon.\",\"breadcrumb\":{\"@id\":\"https:\\\/\\\/demos.infobd.de\\\/design4\\\/leistungen\\\/#breadcrumb\"},\"inLanguage\":\"en-US\",\"potentialAction\":[{\"@type\":\"ReadAction\",\"target\":[\"https:\\\/\\\/demos.infobd.de\\\/design4\\\/leistungen\\\/\"]}]},{\"@type\":\"ImageObject\",\"inLanguage\":\"en-US\",\"@id\":\"https:\\\/\\\/demos.infobd.de\\\/design4\\\/leistungen\\\/#primaryimage\",\"url\":\"https:\\\/\\\/demos.infobd.de\\\/design4\\\/wp-content\\\/uploads\\\/sites\\\/8\\\/2024\\\/03\\\/services-01.webp\",\"contentUrl\":\"https:\\\/\\\/demos.infobd.de\\\/design4\\\/wp-content\\\/uploads\\\/sites\\\/8\\\/2024\\\/03\\\/services-01.webp\",\"width\":520,\"height\":301},{\"@type\":\"BreadcrumbList\",\"@id\":\"https:\\\/\\\/demos.infobd.de\\\/design4\\\/leistungen\\\/#breadcrumb\",\"itemListElement\":[{\"@type\":\"ListItem\",\"position\":1,\"name\":\"Home\",\"item\":\"https:\\\/\\\/demos.infobd.de\\\/design4\\\/\"},{\"@type\":\"ListItem\",\"position\":2,\"name\":\"Leistungen\"}]},{\"@type\":\"WebSite\",\"@id\":\"https:\\\/\\\/demos.infobd.de\\\/design4\\\/#website\",\"url\":\"https:\\\/\\\/demos.infobd.de\\\/design4\\\/\",\"name\":\"Reutlingen | T\u00fcbingen | Stuttgart\",\"description\":\"\",\"potentialAction\":[{\"@type\":\"SearchAction\",\"target\":{\"@type\":\"EntryPoint\",\"urlTemplate\":\"https:\\\/\\\/demos.infobd.de\\\/design4\\\/?s={search_term_string}\"},\"query-input\":{\"@type\":\"PropertyValueSpecification\",\"valueRequired\":true,\"valueName\":\"search_term_string\"}}],\"inLanguage\":\"en-US\"}]}<\/script>\n<!-- \/ Yoast SEO plugin. -->","yoast_head_json":{"title":"Leistungen - Reutlingen | T\u00fcbingen | Stuttgart","description":"Friseur Website erstellen ab 360 \u20ac \u2013 moderne, professionelle Webseiten f\u00fcr Salons in Reutlingen, T\u00fcbingen und Stuttgart. Individuelles Design, einfache Terminbuchung und \u00fcberzeugende Online-Pr\u00e4senz f\u00fcr Ihren Friseursalon.","robots":{"index":"index","follow":"follow","max-snippet":"max-snippet:-1","max-image-preview":"max-image-preview:large","max-video-preview":"max-video-preview:-1"},"canonical":"https:\/\/demos.infobd.de\/design4\/leistungen\/","og_locale":"en_US","og_type":"article","og_title":"Leistungen - Reutlingen | T\u00fcbingen | Stuttgart","og_description":"Friseur Website erstellen ab 360 \u20ac \u2013 moderne, professionelle Webseiten f\u00fcr Salons in Reutlingen, T\u00fcbingen und Stuttgart. Individuelles Design, einfache Terminbuchung und \u00fcberzeugende Online-Pr\u00e4senz f\u00fcr Ihren Friseursalon.","og_url":"https:\/\/demos.infobd.de\/design4\/leistungen\/","og_site_name":"Reutlingen | T\u00fcbingen | Stuttgart","article_modified_time":"2026-04-23T16:11:10+00:00","og_image":[{"width":520,"height":301,"url":"https:\/\/demos.infobd.de\/design4\/wp-content\/uploads\/sites\/8\/2024\/03\/services-01.webp","type":"image\/webp"}],"twitter_card":"summary_large_image","twitter_misc":{"Est. reading time":"2 minutes"},"schema":{"@context":"https:\/\/schema.org","@graph":[{"@type":"WebPage","@id":"https:\/\/demos.infobd.de\/design4\/leistungen\/","url":"https:\/\/demos.infobd.de\/design4\/leistungen\/","name":"Leistungen - Reutlingen | T\u00fcbingen | Stuttgart","isPartOf":{"@id":"https:\/\/demos.infobd.de\/design4\/#website"},"primaryImageOfPage":{"@id":"https:\/\/demos.infobd.de\/design4\/leistungen\/#primaryimage"},"image":{"@id":"https:\/\/demos.infobd.de\/design4\/leistungen\/#primaryimage"},"thumbnailUrl":"https:\/\/demos.infobd.de\/design4\/wp-content\/uploads\/sites\/8\/2024\/03\/services-01.webp","datePublished":"2024-03-24T05:57:38+00:00","dateModified":"2026-04-23T16:11:10+00:00","description":"Friseur Website erstellen ab 360 \u20ac \u2013 moderne, professionelle Webseiten f\u00fcr Salons in Reutlingen, T\u00fcbingen und Stuttgart. Individuelles Design, einfache Terminbuchung und \u00fcberzeugende Online-Pr\u00e4senz f\u00fcr Ihren Friseursalon.","breadcrumb":{"@id":"https:\/\/demos.infobd.de\/design4\/leistungen\/#breadcrumb"},"inLanguage":"en-US","potentialAction":[{"@type":"ReadAction","target":["https:\/\/demos.infobd.de\/design4\/leistungen\/"]}]},{"@type":"ImageObject","inLanguage":"en-US","@id":"https:\/\/demos.infobd.de\/design4\/leistungen\/#primaryimage","url":"https:\/\/demos.infobd.de\/design4\/wp-content\/uploads\/sites\/8\/2024\/03\/services-01.webp","contentUrl":"https:\/\/demos.infobd.de\/design4\/wp-content\/uploads\/sites\/8\/2024\/03\/services-01.webp","width":520,"height":301},{"@type":"BreadcrumbList","@id":"https:\/\/demos.infobd.de\/design4\/leistungen\/#breadcrumb","itemListElement":[{"@type":"ListItem","position":1,"name":"Home","item":"https:\/\/demos.infobd.de\/design4\/"},{"@type":"ListItem","position":2,"name":"Leistungen"}]},{"@type":"WebSite","@id":"https:\/\/demos.infobd.de\/design4\/#website","url":"https:\/\/demos.infobd.de\/design4\/","name":"Reutlingen | T\u00fcbingen | Stuttgart","description":"","potentialAction":[{"@type":"SearchAction","target":{"@type":"EntryPoint","urlTemplate":"https:\/\/demos.infobd.de\/design4\/?s={search_term_string}"},"query-input":{"@type":"PropertyValueSpecification","valueRequired":true,"valueName":"search_term_string"}}],"inLanguage":"en-US"}]}},"_links":{"self":[{"href":"https:\/\/demos.infobd.de\/design4\/wp-json\/wp\/v2\/pages\/174","targetHints":{"allow":["GET"]}}],"collection":[{"href":"https:\/\/demos.infobd.de\/design4\/wp-json\/wp\/v2\/pages"}],"about":[{"href":"https:\/\/demos.infobd.de\/design4\/wp-json\/wp\/v2\/types\/page"}],"author":[{"embeddable":true,"href":"https:\/\/demos.infobd.de\/design4\/wp-json\/wp\/v2\/users\/1"}],"replies":[{"embeddable":true,"href":"https:\/\/demos.infobd.de\/design4\/wp-json\/wp\/v2\/comments?post=174"}],"version-history":[{"count":10,"href":"https:\/\/demos.infobd.de\/design4\/wp-json\/wp\/v2\/pages\/174\/revisions"}],"predecessor-version":[{"id":2742,"href":"https:\/\/demos.infobd.de\/design4\/wp-json\/wp\/v2\/pages\/174\/revisions\/2742"}],"wp:attachment":[{"href":"https:\/\/demos.infobd.de\/design4\/wp-json\/wp\/v2\/media?parent=174"}],"curies":[{"name":"wp","href":"https:\/\/api.w.org\/{rel}","templated":true}]}}